{"id":8228,"date":"2023-05-05T09:27:38","date_gmt":"2023-05-05T09:27:38","guid":{"rendered":"https:\/\/www.zew.ruhr-uni-bochum.de\/?page_id=8228"},"modified":"2023-05-05T09:48:34","modified_gmt":"2023-05-05T09:48:34","slug":"bitte-beachten","status":"publish","type":"page","link":"https:\/\/www.zew.ruhr-uni-bochum.de\/index.php\/bitte-beachten\/","title":{"rendered":"Bitte beachten"},"content":{"rendered":"<p>[et_pb_section fb_built=&#8221;1&#8243; _builder_version=&#8221;4.17.6&#8243; _module_preset=&#8221;default&#8221; custom_padding=&#8221;20px||0px||false|false&#8221; global_colors_info=&#8221;{}&#8221;][et_pb_row _builder_version=&#8221;4.16&#8243; _module_preset=&#8221;default&#8221; custom_padding=&#8221;||0px||false|false&#8221; global_colors_info=&#8221;{}&#8221;][et_pb_column type=&#8221;4_4&#8243; _builder_version=&#8221;4.16&#8243; _module_preset=&#8221;default&#8221; global_colors_info=&#8221;{}&#8221;][et_pb_text admin_label=&#8221;Seitentitel&#8221; _builder_version=&#8221;4.17.6&#8243; _module_preset=&#8221;default&#8221; header_font_size=&#8221;2em&#8221; header_line_height=&#8221;1.3em&#8221; header_font_size_tablet=&#8221;1.8em&#8221; header_font_size_phone=&#8221;1.4em&#8221; header_font_size_last_edited=&#8221;on|phone&#8221; global_colors_info=&#8221;{}&#8221;]<\/p>\n<h1>Bitte beachten Sie<\/h1>\n<p>[\/et_pb_text][\/et_pb_column][\/et_pb_row][\/et_pb_section][et_pb_section fb_built=&#8221;1&#8243; _builder_version=&#8221;4.21.0&#8243; _module_preset=&#8221;default&#8221; global_colors_info=&#8221;{}&#8221; custom_padding=&#8221;15px||29px|||&#8221;][et_pb_row column_structure=&#8221;1_2,1_2&#8243; _builder_version=&#8221;4.21.0&#8243; _module_preset=&#8221;default&#8221; global_colors_info=&#8221;{}&#8221; custom_padding=&#8221;13px|||||&#8221;][et_pb_column type=&#8221;1_2&#8243; _builder_version=&#8221;4.21.0&#8243; _module_preset=&#8221;default&#8221; global_colors_info=&#8221;{}&#8221;][et_pb_text _builder_version=&#8221;4.17.6&#8243; _module_preset=&#8221;default&#8221; global_colors_info=&#8221;{}&#8221;]<\/p>\n<ul>\n<li>Unsere Leistungen gelten nur im Auftrag von Forschung und Lehre <span style=\"text-decoration: underline;\"><strong><em>innerhalb der Ruhr Universit\u00e4t Bochum<\/em><\/strong><\/span>.<\/li>\n<li>Dabei besitzt die Fakult\u00e4t f\u00fcr Physik und Astronomie Priorit\u00e4t.<\/li>\n<li>Reparaturen ohne vorhandene Schaltpl\u00e4ne sind je nach Komplexit\u00e4t der Schaltung begrenzt m\u00f6glich.<\/li>\n<\/ul>\n<p style=\"text-align: center;\"><span style=\"text-decoration: underline;\"><em><strong>Info f\u00fcr Neukunden<\/strong><\/em><\/span><\/p>\n<p>Wir ben\u00f6tigen eine zugeordnete Finanzstelle der Ruhr-Universit\u00e4t Bochum und die Kontaktdaten des jeweiligen Finanzstelleninhabers.<\/p>\n<p>[\/et_pb_text][\/et_pb_column][et_pb_column type=&#8221;1_2&#8243; _builder_version=&#8221;4.21.0&#8243; _module_preset=&#8221;default&#8221; global_colors_info=&#8221;{}&#8221;][et_pb_image src=&#8221;data:image\/svg+xml;base64,PHN2ZyB3aWR0aD0iMTA4MCIgaGVpZ2h0PSI1NDAiIHZpZXdCb3g9IjAgMCAxMDgwIDU0MCIgeG1sbnM9Imh0dHA6Ly93d3cudzMub3JnLzIwMDAvc3ZnIj4KICAgIDxnIGZpbGw9Im5vbmUiIGZpbGwtcnVsZT0iZXZlbm9kZCI+CiAgICAgICAgPHBhdGggZmlsbD0iI0VCRUJFQiIgZD0iTTAgMGgxMDgwdjU0MEgweiIvPgogICAgICAgIDxwYXRoIGQ9Ik00NDUuNjQ5IDU0MGgtOTguOTk1TDE0NC42NDkgMzM3Ljk5NSAwIDQ4Mi42NDR2LTk4Ljk5NWwxMTYuMzY1LTExNi4zNjVjMTUuNjItMTUuNjIgNDAuOTQ3LTE1LjYyIDU2LjU2OCAwTDQ0NS42NSA1NDB6IiBmaWxsLW9wYWNpdHk9Ii4xIiBmaWxsPSIjMDAwIiBmaWxsLXJ1bGU9Im5vbnplcm8iLz4KICAgICAgICA8Y2lyY2xlIGZpbGwtb3BhY2l0eT0iLjA1IiBmaWxsPSIjMDAwIiBjeD0iMzMxIiBjeT0iMTQ4IiByPSI3MCIvPgogICAgICAgIDxwYXRoIGQ9Ik0xMDgwIDM3OXYxMTMuMTM3TDcyOC4xNjIgMTQwLjMgMzI4LjQ2MiA1NDBIMjE1LjMyNEw2OTkuODc4IDU1LjQ0NmMxNS42Mi0xNS42MiA0MC45NDgtMTUuNjIgNTYuNTY4IDBMMTA4MCAzNzl6IiBmaWxsLW9wYWNpdHk9Ii4yIiBmaWxsPSIjMDAwIiBmaWxsLXJ1bGU9Im5vbnplcm8iLz4KICAgIDwvZz4KPC9zdmc+Cg==&#8221; _builder_version=&#8221;4.17.6&#8243; _module_preset=&#8221;default&#8221; global_colors_info=&#8221;{}&#8221;][\/et_pb_image][\/et_pb_column][\/et_pb_row][\/et_pb_section][et_pb_section fb_built=&#8221;1&#8243; disabled_on=&#8221;on|on|on&#8221; _builder_version=&#8221;4.17.6&#8243; _module_preset=&#8221;default&#8221; custom_padding=&#8221;15px||15px||true|false&#8221; disabled=&#8221;on&#8221; global_colors_info=&#8221;{}&#8221;][et_pb_row column_structure=&#8221;1_4,1_4,1_4,1_4&#8243; _builder_version=&#8221;4.17.6&#8243; _module_preset=&#8221;default&#8221; global_colors_info=&#8221;{}&#8221;][et_pb_column type=&#8221;1_4&#8243; _builder_version=&#8221;4.16&#8243; _module_preset=&#8221;default&#8221; global_colors_info=&#8221;{}&#8221;][et_pb_blurb title=&#8221;Forschung&#8221; use_icon=&#8221;on&#8221; font_icon=&#8221;&#xf610;||fa||900&#8243; icon_color=&#8221;#FFFFFF&#8221; image_icon_width=&#8221;100px&#8221; _builder_version=&#8221;4.17.6&#8243; _module_preset=&#8221;default&#8221; header_level=&#8221;h3&#8243; header_text_align=&#8221;center&#8221; header_font_size=&#8221;24px&#8221; background_color=&#8221;#666666&#8243; image_icon_custom_margin=&#8221;0px||-20px||false|false&#8221; text_orientation=&#8221;center&#8221; background_layout=&#8221;dark&#8221; custom_padding=&#8221;10px||10px||true|false&#8221; global_colors_info=&#8221;{}&#8221;][\/et_pb_blurb][\/et_pb_column][et_pb_column type=&#8221;1_4&#8243; _builder_version=&#8221;4.17.4&#8243; _module_preset=&#8221;default&#8221; global_colors_info=&#8221;{}&#8221;][et_pb_blurb title=&#8221;Lehre&#8221; use_icon=&#8221;on&#8221; font_icon=&#8221;&#xf19d;||fa||900&#8243; icon_color=&#8221;#FFFFFF&#8221; image_icon_width=&#8221;100px&#8221; _builder_version=&#8221;4.17.6&#8243; _module_preset=&#8221;default&#8221; header_level=&#8221;h3&#8243; header_text_align=&#8221;center&#8221; header_font_size=&#8221;24px&#8221; background_color=&#8221;#17365C&#8221; image_icon_custom_margin=&#8221;0px||-20px||false|false&#8221; text_orientation=&#8221;center&#8221; background_layout=&#8221;dark&#8221; custom_padding=&#8221;10px||10px||true|false&#8221; global_colors_info=&#8221;{}&#8221;][\/et_pb_blurb][\/et_pb_column][et_pb_column type=&#8221;1_4&#8243; _builder_version=&#8221;4.17.6&#8243; _module_preset=&#8221;default&#8221; global_colors_info=&#8221;{}&#8221;][et_pb_blurb title=&#8221;Personen&#8221; use_icon=&#8221;on&#8221; font_icon=&#8221;&#xf500;||fa||900&#8243; icon_color=&#8221;#FFFFFF&#8221; image_icon_width=&#8221;100px&#8221; _builder_version=&#8221;4.17.6&#8243; _module_preset=&#8221;default&#8221; header_level=&#8221;h3&#8243; header_text_align=&#8221;center&#8221; header_font_size=&#8221;24px&#8221; background_color=&#8221;#8DAE10&#8243; image_icon_custom_margin=&#8221;0px||-20px||false|false&#8221; text_orientation=&#8221;center&#8221; background_layout=&#8221;dark&#8221; custom_padding=&#8221;10px||10px||true|false&#8221; global_colors_info=&#8221;{}&#8221;][\/et_pb_blurb][\/et_pb_column][et_pb_column type=&#8221;1_4&#8243; _builder_version=&#8221;4.16&#8243; _module_preset=&#8221;default&#8221; global_colors_info=&#8221;{}&#8221;][et_pb_blurb title=&#8221;Outreach&#8221; use_icon=&#8221;on&#8221; font_icon=&#8221;&#xf542;||fa||900&#8243; icon_color=&#8221;#FFFFFF&#8221; image_icon_width=&#8221;100px&#8221; _builder_version=&#8221;4.17.6&#8243; _module_preset=&#8221;default&#8221; header_level=&#8221;h3&#8243; header_text_align=&#8221;center&#8221; header_font_size=&#8221;24px&#8221; background_color=&#8221;#ED7102&#8243; image_icon_custom_margin=&#8221;0px||-20px||false|false&#8221; text_orientation=&#8221;center&#8221; background_layout=&#8221;dark&#8221; custom_padding=&#8221;10px||10px||true|false&#8221; global_colors_info=&#8221;{}&#8221;][\/et_pb_blurb][\/et_pb_column][\/et_pb_row][\/et_pb_section]<\/p>\n","protected":false},"excerpt":{"rendered":"<p>Bitte beachten Sie Unsere Leistungen gelten nur im Auftrag von Forschung und Lehre innerhalb der Ruhr Universit\u00e4t Bochum. Dabei besitzt die Fakult\u00e4t f\u00fcr Physik und Astronomie Priorit\u00e4t. Reparaturen ohne vorhandene Schaltpl\u00e4ne sind je nach Komplexit\u00e4t der Schaltung begrenzt m\u00f6glich. Info f\u00fcr Neukunden Wir ben\u00f6tigen eine zugeordnete Finanzstelle der Ruhr-Universit\u00e4t Bochum und die Kontaktdaten des jeweiligen [&hellip;]<\/p>\n","protected":false},"author":1,"featured_media":0,"parent":0,"menu_order":0,"comment_status":"closed","ping_status":"closed","template":"","meta":{"_et_pb_use_builder":"on","_et_pb_old_content":"","_et_gb_content_width":"","footnotes":""},"class_list":["post-8228","page","type-page","status-publish","hentry"],"yoast_head":"<!-- This site is optimized with the Yoast SEO plugin v27.1.1 - https:\/\/yoast.com\/product\/yoast-seo-wordpress\/ -->\n<title>Bitte beachten - ZEW<\/title>\n<meta name=\"robots\" content=\"index, follow, max-snippet:-1, max-image-preview:large, max-video-preview:-1\" \/>\n<link rel=\"canonical\" href=\"https:\/\/www.zew.ruhr-uni-bochum.de\/index.php\/bitte-beachten\/\" \/>\n<meta property=\"og:locale\" content=\"de_DE\" \/>\n<meta property=\"og:type\" content=\"article\" \/>\n<meta property=\"og:title\" content=\"Bitte beachten - ZEW\" \/>\n<meta property=\"og:description\" content=\"Bitte beachten Sie Unsere Leistungen gelten nur im Auftrag von Forschung und Lehre innerhalb der Ruhr Universit\u00e4t Bochum. Dabei besitzt die Fakult\u00e4t f\u00fcr Physik und Astronomie Priorit\u00e4t. Reparaturen ohne vorhandene Schaltpl\u00e4ne sind je nach Komplexit\u00e4t der Schaltung begrenzt m\u00f6glich. Info f\u00fcr Neukunden Wir ben\u00f6tigen eine zugeordnete Finanzstelle der Ruhr-Universit\u00e4t Bochum und die Kontaktdaten des jeweiligen [&hellip;]\" \/>\n<meta property=\"og:url\" content=\"https:\/\/www.zew.ruhr-uni-bochum.de\/index.php\/bitte-beachten\/\" \/>\n<meta property=\"og:site_name\" content=\"ZEW\" \/>\n<meta property=\"article:modified_time\" content=\"2023-05-05T09:48:34+00:00\" \/>\n<meta name=\"twitter:card\" content=\"summary_large_image\" \/>\n<meta name=\"twitter:label1\" content=\"Gesch\u00e4tzte Lesezeit\" \/>\n\t<meta name=\"twitter:data1\" content=\"2 minutes\" \/>\n<script type=\"application\/ld+json\" class=\"yoast-schema-graph\">{\"@context\":\"https:\/\/schema.org\",\"@graph\":[{\"@type\":\"WebPage\",\"@id\":\"https:\/\/www.zew.ruhr-uni-bochum.de\/index.php\/bitte-beachten\/\",\"url\":\"https:\/\/www.zew.ruhr-uni-bochum.de\/index.php\/bitte-beachten\/\",\"name\":\"Bitte beachten - ZEW\",\"isPartOf\":{\"@id\":\"https:\/\/www.zew.ruhr-uni-bochum.de\/#website\"},\"datePublished\":\"2023-05-05T09:27:38+00:00\",\"dateModified\":\"2023-05-05T09:48:34+00:00\",\"breadcrumb\":{\"@id\":\"https:\/\/www.zew.ruhr-uni-bochum.de\/index.php\/bitte-beachten\/#breadcrumb\"},\"inLanguage\":\"de-DE\",\"potentialAction\":[{\"@type\":\"ReadAction\",\"target\":[\"https:\/\/www.zew.ruhr-uni-bochum.de\/index.php\/bitte-beachten\/\"]}]},{\"@type\":\"BreadcrumbList\",\"@id\":\"https:\/\/www.zew.ruhr-uni-bochum.de\/index.php\/bitte-beachten\/#breadcrumb\",\"itemListElement\":[{\"@type\":\"ListItem\",\"position\":1,\"name\":\"Startseite\",\"item\":\"https:\/\/www.zew.ruhr-uni-bochum.de\/\"},{\"@type\":\"ListItem\",\"position\":2,\"name\":\"Bitte beachten\"}]},{\"@type\":\"WebSite\",\"@id\":\"https:\/\/www.zew.ruhr-uni-bochum.de\/#website\",\"url\":\"https:\/\/www.zew.ruhr-uni-bochum.de\/\",\"name\":\"ZEW\",\"description\":\"Die zentrale Elektronik Werkstatt der Fakult\u00e4t f\u00fcr Physik und Astronomie\",\"publisher\":{\"@id\":\"https:\/\/www.zew.ruhr-uni-bochum.de\/#organization\"},\"potentialAction\":[{\"@type\":\"SearchAction\",\"target\":{\"@type\":\"EntryPoint\",\"urlTemplate\":\"https:\/\/www.zew.ruhr-uni-bochum.de\/?s={search_term_string}\"},\"query-input\":{\"@type\":\"PropertyValueSpecification\",\"valueRequired\":true,\"valueName\":\"search_term_string\"}}],\"inLanguage\":\"de-DE\"},{\"@type\":\"Organization\",\"@id\":\"https:\/\/www.zew.ruhr-uni-bochum.de\/#organization\",\"name\":\"ZEW\",\"url\":\"https:\/\/www.zew.ruhr-uni-bochum.de\/\",\"logo\":{\"@type\":\"ImageObject\",\"inLanguage\":\"de-DE\",\"@id\":\"https:\/\/www.zew.ruhr-uni-bochum.de\/#\/schema\/logo\/image\/\",\"url\":\"https:\/\/db.zew.ruhr-uni-bochum.de\/wp-content\/uploads\/2023\/04\/ZEW_LOGO_512x512.jpg\",\"contentUrl\":\"https:\/\/db.zew.ruhr-uni-bochum.de\/wp-content\/uploads\/2023\/04\/ZEW_LOGO_512x512.jpg\",\"width\":512,\"height\":512,\"caption\":\"ZEW\"},\"image\":{\"@id\":\"https:\/\/www.zew.ruhr-uni-bochum.de\/#\/schema\/logo\/image\/\"}}]}<\/script>\n<!-- \/ Yoast SEO plugin. -->","yoast_head_json":{"title":"Bitte beachten - ZEW","robots":{"index":"index","follow":"follow","max-snippet":"max-snippet:-1","max-image-preview":"max-image-preview:large","max-video-preview":"max-video-preview:-1"},"canonical":"https:\/\/www.zew.ruhr-uni-bochum.de\/index.php\/bitte-beachten\/","og_locale":"de_DE","og_type":"article","og_title":"Bitte beachten - ZEW","og_description":"Bitte beachten Sie Unsere Leistungen gelten nur im Auftrag von Forschung und Lehre innerhalb der Ruhr Universit\u00e4t Bochum. Dabei besitzt die Fakult\u00e4t f\u00fcr Physik und Astronomie Priorit\u00e4t. Reparaturen ohne vorhandene Schaltpl\u00e4ne sind je nach Komplexit\u00e4t der Schaltung begrenzt m\u00f6glich. Info f\u00fcr Neukunden Wir ben\u00f6tigen eine zugeordnete Finanzstelle der Ruhr-Universit\u00e4t Bochum und die Kontaktdaten des jeweiligen [&hellip;]","og_url":"https:\/\/www.zew.ruhr-uni-bochum.de\/index.php\/bitte-beachten\/","og_site_name":"ZEW","article_modified_time":"2023-05-05T09:48:34+00:00","twitter_card":"summary_large_image","twitter_misc":{"Gesch\u00e4tzte Lesezeit":"2 minutes"},"schema":{"@context":"https:\/\/schema.org","@graph":[{"@type":"WebPage","@id":"https:\/\/www.zew.ruhr-uni-bochum.de\/index.php\/bitte-beachten\/","url":"https:\/\/www.zew.ruhr-uni-bochum.de\/index.php\/bitte-beachten\/","name":"Bitte beachten - ZEW","isPartOf":{"@id":"https:\/\/www.zew.ruhr-uni-bochum.de\/#website"},"datePublished":"2023-05-05T09:27:38+00:00","dateModified":"2023-05-05T09:48:34+00:00","breadcrumb":{"@id":"https:\/\/www.zew.ruhr-uni-bochum.de\/index.php\/bitte-beachten\/#breadcrumb"},"inLanguage":"de-DE","potentialAction":[{"@type":"ReadAction","target":["https:\/\/www.zew.ruhr-uni-bochum.de\/index.php\/bitte-beachten\/"]}]},{"@type":"BreadcrumbList","@id":"https:\/\/www.zew.ruhr-uni-bochum.de\/index.php\/bitte-beachten\/#breadcrumb","itemListElement":[{"@type":"ListItem","position":1,"name":"Startseite","item":"https:\/\/www.zew.ruhr-uni-bochum.de\/"},{"@type":"ListItem","position":2,"name":"Bitte beachten"}]},{"@type":"WebSite","@id":"https:\/\/www.zew.ruhr-uni-bochum.de\/#website","url":"https:\/\/www.zew.ruhr-uni-bochum.de\/","name":"ZEW","description":"Die zentrale Elektronik Werkstatt der Fakult\u00e4t f\u00fcr Physik und Astronomie","publisher":{"@id":"https:\/\/www.zew.ruhr-uni-bochum.de\/#organization"},"potentialAction":[{"@type":"SearchAction","target":{"@type":"EntryPoint","urlTemplate":"https:\/\/www.zew.ruhr-uni-bochum.de\/?s={search_term_string}"},"query-input":{"@type":"PropertyValueSpecification","valueRequired":true,"valueName":"search_term_string"}}],"inLanguage":"de-DE"},{"@type":"Organization","@id":"https:\/\/www.zew.ruhr-uni-bochum.de\/#organization","name":"ZEW","url":"https:\/\/www.zew.ruhr-uni-bochum.de\/","logo":{"@type":"ImageObject","inLanguage":"de-DE","@id":"https:\/\/www.zew.ruhr-uni-bochum.de\/#\/schema\/logo\/image\/","url":"https:\/\/db.zew.ruhr-uni-bochum.de\/wp-content\/uploads\/2023\/04\/ZEW_LOGO_512x512.jpg","contentUrl":"https:\/\/db.zew.ruhr-uni-bochum.de\/wp-content\/uploads\/2023\/04\/ZEW_LOGO_512x512.jpg","width":512,"height":512,"caption":"ZEW"},"image":{"@id":"https:\/\/www.zew.ruhr-uni-bochum.de\/#\/schema\/logo\/image\/"}}]}},"_links":{"self":[{"href":"https:\/\/www.zew.ruhr-uni-bochum.de\/index.php\/wp-json\/wp\/v2\/pages\/8228","targetHints":{"allow":["GET"]}}],"collection":[{"href":"https:\/\/www.zew.ruhr-uni-bochum.de\/index.php\/wp-json\/wp\/v2\/pages"}],"about":[{"href":"https:\/\/www.zew.ruhr-uni-bochum.de\/index.php\/wp-json\/wp\/v2\/types\/page"}],"author":[{"embeddable":true,"href":"https:\/\/www.zew.ruhr-uni-bochum.de\/index.php\/wp-json\/wp\/v2\/users\/1"}],"replies":[{"embeddable":true,"href":"https:\/\/www.zew.ruhr-uni-bochum.de\/index.php\/wp-json\/wp\/v2\/comments?post=8228"}],"version-history":[{"count":6,"href":"https:\/\/www.zew.ruhr-uni-bochum.de\/index.php\/wp-json\/wp\/v2\/pages\/8228\/revisions"}],"predecessor-version":[{"id":8243,"href":"https:\/\/www.zew.ruhr-uni-bochum.de\/index.php\/wp-json\/wp\/v2\/pages\/8228\/revisions\/8243"}],"wp:attachment":[{"href":"https:\/\/www.zew.ruhr-uni-bochum.de\/index.php\/wp-json\/wp\/v2\/media?parent=8228"}],"curies":[{"name":"wp","href":"https:\/\/api.w.org\/{rel}","templated":true}]}}