{"id":8180,"date":"2023-04-26T07:08:01","date_gmt":"2023-04-26T07:08:01","guid":{"rendered":"https:\/\/db.zew.ruhr-uni-bochum.de\/?page_id=8180"},"modified":"2023-04-26T07:08:01","modified_gmt":"2023-04-26T07:08:01","slug":"geraeteteste","status":"publish","type":"page","link":"https:\/\/www.zew.ruhr-uni-bochum.de\/index.php\/service\/geraeteteste\/","title":{"rendered":"Ger\u00e4teteste"},"content":{"rendered":"<div class=\"node__content clearfix\">\n<div class=\"clearfix text-formatted field field--name-body field--type-text-with-summary field--label-hidden field__item\">\n<p>Wir bieten Ger\u00e4teteste f\u00fcr ortsfeste (nach Absprache) und ortsver\u00e4nderliche Ger\u00e4te nach DGUV Vorschrift 3.<\/p>\n<p>Bitte beachten Sie, dass wir keine Ger\u00e4te pr\u00fcfen, die fest in eine Installation eingebunden sind.<\/p>\n<\/div>\n<\/div>\n","protected":false},"excerpt":{"rendered":"<p>Wir bieten Ger\u00e4teteste f\u00fcr ortsfeste (nach Absprache) und ortsver\u00e4nderliche Ger\u00e4te nach DGUV Vorschrift 3. Bitte beachten Sie, dass wir keine Ger\u00e4te pr\u00fcfen, die fest in eine Installation eingebunden sind.<\/p>\n","protected":false},"author":1,"featured_media":0,"parent":8174,"menu_order":3,"comment_status":"closed","ping_status":"closed","template":"","meta":{"_et_pb_use_builder":"","_et_pb_old_content":"","_et_gb_content_width":"","footnotes":""},"class_list":["post-8180","page","type-page","status-publish","hentry"],"yoast_head":"<!-- This site is optimized with the Yoast SEO plugin v27.1.1 - https:\/\/yoast.com\/product\/yoast-seo-wordpress\/ -->\n<title>Ger\u00e4teteste - ZEW<\/title>\n<meta name=\"robots\" content=\"index, follow, max-snippet:-1, max-image-preview:large, max-video-preview:-1\" \/>\n<link rel=\"canonical\" href=\"https:\/\/www.zew.ruhr-uni-bochum.de\/index.php\/service\/geraeteteste\/\" \/>\n<meta property=\"og:locale\" content=\"de_DE\" \/>\n<meta property=\"og:type\" content=\"article\" \/>\n<meta property=\"og:title\" content=\"Ger\u00e4teteste - ZEW\" \/>\n<meta property=\"og:description\" content=\"Wir bieten Ger\u00e4teteste f\u00fcr ortsfeste (nach Absprache) und ortsver\u00e4nderliche Ger\u00e4te nach DGUV Vorschrift 3. Bitte beachten Sie, dass wir keine Ger\u00e4te pr\u00fcfen, die fest in eine Installation eingebunden sind.\" \/>\n<meta property=\"og:url\" content=\"https:\/\/www.zew.ruhr-uni-bochum.de\/index.php\/service\/geraeteteste\/\" \/>\n<meta property=\"og:site_name\" content=\"ZEW\" \/>\n<meta name=\"twitter:card\" content=\"summary_large_image\" \/>\n<script type=\"application\/ld+json\" class=\"yoast-schema-graph\">{\"@context\":\"https:\/\/schema.org\",\"@graph\":[{\"@type\":\"WebPage\",\"@id\":\"https:\/\/www.zew.ruhr-uni-bochum.de\/index.php\/service\/geraeteteste\/\",\"url\":\"https:\/\/www.zew.ruhr-uni-bochum.de\/index.php\/service\/geraeteteste\/\",\"name\":\"Ger\u00e4teteste - ZEW\",\"isPartOf\":{\"@id\":\"https:\/\/www.zew.ruhr-uni-bochum.de\/#website\"},\"datePublished\":\"2023-04-26T07:08:01+00:00\",\"breadcrumb\":{\"@id\":\"https:\/\/www.zew.ruhr-uni-bochum.de\/index.php\/service\/geraeteteste\/#breadcrumb\"},\"inLanguage\":\"de-DE\",\"potentialAction\":[{\"@type\":\"ReadAction\",\"target\":[\"https:\/\/www.zew.ruhr-uni-bochum.de\/index.php\/service\/geraeteteste\/\"]}]},{\"@type\":\"BreadcrumbList\",\"@id\":\"https:\/\/www.zew.ruhr-uni-bochum.de\/index.php\/service\/geraeteteste\/#breadcrumb\",\"itemListElement\":[{\"@type\":\"ListItem\",\"position\":1,\"name\":\"Startseite\",\"item\":\"https:\/\/www.zew.ruhr-uni-bochum.de\/\"},{\"@type\":\"ListItem\",\"position\":2,\"name\":\"Service\",\"item\":\"https:\/\/www.zew.ruhr-uni-bochum.de\/index.php\/service\/\"},{\"@type\":\"ListItem\",\"position\":3,\"name\":\"Ger\u00e4teteste\"}]},{\"@type\":\"WebSite\",\"@id\":\"https:\/\/www.zew.ruhr-uni-bochum.de\/#website\",\"url\":\"https:\/\/www.zew.ruhr-uni-bochum.de\/\",\"name\":\"ZEW\",\"description\":\"Die zentrale Elektronik Werkstatt der Fakult\u00e4t f\u00fcr Physik und Astronomie\",\"publisher\":{\"@id\":\"https:\/\/www.zew.ruhr-uni-bochum.de\/#organization\"},\"potentialAction\":[{\"@type\":\"SearchAction\",\"target\":{\"@type\":\"EntryPoint\",\"urlTemplate\":\"https:\/\/www.zew.ruhr-uni-bochum.de\/?s={search_term_string}\"},\"query-input\":{\"@type\":\"PropertyValueSpecification\",\"valueRequired\":true,\"valueName\":\"search_term_string\"}}],\"inLanguage\":\"de-DE\"},{\"@type\":\"Organization\",\"@id\":\"https:\/\/www.zew.ruhr-uni-bochum.de\/#organization\",\"name\":\"ZEW\",\"url\":\"https:\/\/www.zew.ruhr-uni-bochum.de\/\",\"logo\":{\"@type\":\"ImageObject\",\"inLanguage\":\"de-DE\",\"@id\":\"https:\/\/www.zew.ruhr-uni-bochum.de\/#\/schema\/logo\/image\/\",\"url\":\"https:\/\/db.zew.ruhr-uni-bochum.de\/wp-content\/uploads\/2023\/04\/ZEW_LOGO_512x512.jpg\",\"contentUrl\":\"https:\/\/db.zew.ruhr-uni-bochum.de\/wp-content\/uploads\/2023\/04\/ZEW_LOGO_512x512.jpg\",\"width\":512,\"height\":512,\"caption\":\"ZEW\"},\"image\":{\"@id\":\"https:\/\/www.zew.ruhr-uni-bochum.de\/#\/schema\/logo\/image\/\"}}]}<\/script>\n<!-- \/ Yoast SEO plugin. -->","yoast_head_json":{"title":"Ger\u00e4teteste - ZEW","robots":{"index":"index","follow":"follow","max-snippet":"max-snippet:-1","max-image-preview":"max-image-preview:large","max-video-preview":"max-video-preview:-1"},"canonical":"https:\/\/www.zew.ruhr-uni-bochum.de\/index.php\/service\/geraeteteste\/","og_locale":"de_DE","og_type":"article","og_title":"Ger\u00e4teteste - ZEW","og_description":"Wir bieten Ger\u00e4teteste f\u00fcr ortsfeste (nach Absprache) und ortsver\u00e4nderliche Ger\u00e4te nach DGUV Vorschrift 3. Bitte beachten Sie, dass wir keine Ger\u00e4te pr\u00fcfen, die fest in eine Installation eingebunden sind.","og_url":"https:\/\/www.zew.ruhr-uni-bochum.de\/index.php\/service\/geraeteteste\/","og_site_name":"ZEW","twitter_card":"summary_large_image","schema":{"@context":"https:\/\/schema.org","@graph":[{"@type":"WebPage","@id":"https:\/\/www.zew.ruhr-uni-bochum.de\/index.php\/service\/geraeteteste\/","url":"https:\/\/www.zew.ruhr-uni-bochum.de\/index.php\/service\/geraeteteste\/","name":"Ger\u00e4teteste - ZEW","isPartOf":{"@id":"https:\/\/www.zew.ruhr-uni-bochum.de\/#website"},"datePublished":"2023-04-26T07:08:01+00:00","breadcrumb":{"@id":"https:\/\/www.zew.ruhr-uni-bochum.de\/index.php\/service\/geraeteteste\/#breadcrumb"},"inLanguage":"de-DE","potentialAction":[{"@type":"ReadAction","target":["https:\/\/www.zew.ruhr-uni-bochum.de\/index.php\/service\/geraeteteste\/"]}]},{"@type":"BreadcrumbList","@id":"https:\/\/www.zew.ruhr-uni-bochum.de\/index.php\/service\/geraeteteste\/#breadcrumb","itemListElement":[{"@type":"ListItem","position":1,"name":"Startseite","item":"https:\/\/www.zew.ruhr-uni-bochum.de\/"},{"@type":"ListItem","position":2,"name":"Service","item":"https:\/\/www.zew.ruhr-uni-bochum.de\/index.php\/service\/"},{"@type":"ListItem","position":3,"name":"Ger\u00e4teteste"}]},{"@type":"WebSite","@id":"https:\/\/www.zew.ruhr-uni-bochum.de\/#website","url":"https:\/\/www.zew.ruhr-uni-bochum.de\/","name":"ZEW","description":"Die zentrale Elektronik Werkstatt der Fakult\u00e4t f\u00fcr Physik und Astronomie","publisher":{"@id":"https:\/\/www.zew.ruhr-uni-bochum.de\/#organization"},"potentialAction":[{"@type":"SearchAction","target":{"@type":"EntryPoint","urlTemplate":"https:\/\/www.zew.ruhr-uni-bochum.de\/?s={search_term_string}"},"query-input":{"@type":"PropertyValueSpecification","valueRequired":true,"valueName":"search_term_string"}}],"inLanguage":"de-DE"},{"@type":"Organization","@id":"https:\/\/www.zew.ruhr-uni-bochum.de\/#organization","name":"ZEW","url":"https:\/\/www.zew.ruhr-uni-bochum.de\/","logo":{"@type":"ImageObject","inLanguage":"de-DE","@id":"https:\/\/www.zew.ruhr-uni-bochum.de\/#\/schema\/logo\/image\/","url":"https:\/\/db.zew.ruhr-uni-bochum.de\/wp-content\/uploads\/2023\/04\/ZEW_LOGO_512x512.jpg","contentUrl":"https:\/\/db.zew.ruhr-uni-bochum.de\/wp-content\/uploads\/2023\/04\/ZEW_LOGO_512x512.jpg","width":512,"height":512,"caption":"ZEW"},"image":{"@id":"https:\/\/www.zew.ruhr-uni-bochum.de\/#\/schema\/logo\/image\/"}}]}},"_links":{"self":[{"href":"https:\/\/www.zew.ruhr-uni-bochum.de\/index.php\/wp-json\/wp\/v2\/pages\/8180","targetHints":{"allow":["GET"]}}],"collection":[{"href":"https:\/\/www.zew.ruhr-uni-bochum.de\/index.php\/wp-json\/wp\/v2\/pages"}],"about":[{"href":"https:\/\/www.zew.ruhr-uni-bochum.de\/index.php\/wp-json\/wp\/v2\/types\/page"}],"author":[{"embeddable":true,"href":"https:\/\/www.zew.ruhr-uni-bochum.de\/index.php\/wp-json\/wp\/v2\/users\/1"}],"replies":[{"embeddable":true,"href":"https:\/\/www.zew.ruhr-uni-bochum.de\/index.php\/wp-json\/wp\/v2\/comments?post=8180"}],"version-history":[{"count":1,"href":"https:\/\/www.zew.ruhr-uni-bochum.de\/index.php\/wp-json\/wp\/v2\/pages\/8180\/revisions"}],"predecessor-version":[{"id":8181,"href":"https:\/\/www.zew.ruhr-uni-bochum.de\/index.php\/wp-json\/wp\/v2\/pages\/8180\/revisions\/8181"}],"up":[{"embeddable":true,"href":"https:\/\/www.zew.ruhr-uni-bochum.de\/index.php\/wp-json\/wp\/v2\/pages\/8174"}],"wp:attachment":[{"href":"https:\/\/www.zew.ruhr-uni-bochum.de\/index.php\/wp-json\/wp\/v2\/media?parent=8180"}],"curies":[{"name":"wp","href":"https:\/\/api.w.org\/{rel}","templated":true}]}}