{"id":8174,"date":"2023-04-26T07:01:33","date_gmt":"2023-04-26T07:01:33","guid":{"rendered":"https:\/\/db.zew.ruhr-uni-bochum.de\/?page_id=8174"},"modified":"2023-04-26T07:01:33","modified_gmt":"2023-04-26T07:01:33","slug":"service","status":"publish","type":"page","link":"https:\/\/www.zew.ruhr-uni-bochum.de\/index.php\/service\/","title":{"rendered":"Service"},"content":{"rendered":"<div class=\"node__content clearfix\">\n<div class=\"clearfix text-formatted field field--name-body field--type-text-with-summary field--label-hidden field__item\">\n<h1>Bitte beachten Sie<\/h1>\n<ul>\n<li>Unsere Leistungen gelten nur im Auftrag von Forschung und Lehre <em>innerhalb der Ruhr Universit\u00e4t Bochum<\/em>. Dabei besitzt die Fakult\u00e4t f\u00fcr Physik und Astronomie Priorit\u00e4t.<\/li>\n<li>Reparaturen ohne vorhandene Schaltpl\u00e4ne sind je nach Komplexit\u00e4t der Schaltung begrenzt m\u00f6glich.<\/li>\n<\/ul>\n<h1>Info f\u00fcr Neukunden<\/h1>\n<p>Wir ben\u00f6tigen eine zugeordnete Finanzstelle der Ruhr-Universit\u00e4t Bochum und die Kontaktdaten des jeweiligen Finanzstelleninhabers.<\/p>\n<\/div>\n<\/div>\n","protected":false},"excerpt":{"rendered":"<p>Bitte beachten Sie Unsere Leistungen gelten nur im Auftrag von Forschung und Lehre innerhalb der Ruhr Universit\u00e4t Bochum. Dabei besitzt die Fakult\u00e4t f\u00fcr Physik und Astronomie Priorit\u00e4t. Reparaturen ohne vorhandene Schaltpl\u00e4ne sind je nach Komplexit\u00e4t der Schaltung begrenzt m\u00f6glich. Info f\u00fcr Neukunden Wir ben\u00f6tigen eine zugeordnete Finanzstelle der Ruhr-Universit\u00e4t Bochum und die Kontaktdaten des jeweiligen [&hellip;]<\/p>\n","protected":false},"author":1,"featured_media":0,"parent":0,"menu_order":2,"comment_status":"closed","ping_status":"closed","template":"","meta":{"_et_pb_use_builder":"","_et_pb_old_content":"","_et_gb_content_width":"","footnotes":""},"class_list":["post-8174","page","type-page","status-publish","hentry"],"yoast_head":"<!-- This site is optimized with the Yoast SEO plugin v27.1.1 - https:\/\/yoast.com\/product\/yoast-seo-wordpress\/ -->\n<title>Service - ZEW<\/title>\n<meta name=\"robots\" content=\"index, follow, max-snippet:-1, max-image-preview:large, max-video-preview:-1\" \/>\n<link rel=\"canonical\" href=\"https:\/\/www.zew.ruhr-uni-bochum.de\/index.php\/service\/\" \/>\n<meta property=\"og:locale\" content=\"de_DE\" \/>\n<meta property=\"og:type\" content=\"article\" \/>\n<meta property=\"og:title\" content=\"Service - ZEW\" \/>\n<meta property=\"og:description\" content=\"Bitte beachten Sie Unsere Leistungen gelten nur im Auftrag von Forschung und Lehre innerhalb der Ruhr Universit\u00e4t Bochum. Dabei besitzt die Fakult\u00e4t f\u00fcr Physik und Astronomie Priorit\u00e4t. Reparaturen ohne vorhandene Schaltpl\u00e4ne sind je nach Komplexit\u00e4t der Schaltung begrenzt m\u00f6glich. Info f\u00fcr Neukunden Wir ben\u00f6tigen eine zugeordnete Finanzstelle der Ruhr-Universit\u00e4t Bochum und die Kontaktdaten des jeweiligen [&hellip;]\" \/>\n<meta property=\"og:url\" content=\"https:\/\/www.zew.ruhr-uni-bochum.de\/index.php\/service\/\" \/>\n<meta property=\"og:site_name\" content=\"ZEW\" \/>\n<meta name=\"twitter:card\" content=\"summary_large_image\" \/>\n<meta name=\"twitter:label1\" content=\"Gesch\u00e4tzte Lesezeit\" \/>\n\t<meta name=\"twitter:data1\" content=\"1 minute\" \/>\n<script type=\"application\/ld+json\" class=\"yoast-schema-graph\">{\"@context\":\"https:\/\/schema.org\",\"@graph\":[{\"@type\":\"WebPage\",\"@id\":\"https:\/\/www.zew.ruhr-uni-bochum.de\/index.php\/service\/\",\"url\":\"https:\/\/www.zew.ruhr-uni-bochum.de\/index.php\/service\/\",\"name\":\"Service - ZEW\",\"isPartOf\":{\"@id\":\"https:\/\/www.zew.ruhr-uni-bochum.de\/#website\"},\"datePublished\":\"2023-04-26T07:01:33+00:00\",\"breadcrumb\":{\"@id\":\"https:\/\/www.zew.ruhr-uni-bochum.de\/index.php\/service\/#breadcrumb\"},\"inLanguage\":\"de-DE\",\"potentialAction\":[{\"@type\":\"ReadAction\",\"target\":[\"https:\/\/www.zew.ruhr-uni-bochum.de\/index.php\/service\/\"]}]},{\"@type\":\"BreadcrumbList\",\"@id\":\"https:\/\/www.zew.ruhr-uni-bochum.de\/index.php\/service\/#breadcrumb\",\"itemListElement\":[{\"@type\":\"ListItem\",\"position\":1,\"name\":\"Startseite\",\"item\":\"https:\/\/www.zew.ruhr-uni-bochum.de\/\"},{\"@type\":\"ListItem\",\"position\":2,\"name\":\"Service\"}]},{\"@type\":\"WebSite\",\"@id\":\"https:\/\/www.zew.ruhr-uni-bochum.de\/#website\",\"url\":\"https:\/\/www.zew.ruhr-uni-bochum.de\/\",\"name\":\"ZEW\",\"description\":\"Die zentrale Elektronik Werkstatt der Fakult\u00e4t f\u00fcr Physik und Astronomie\",\"publisher\":{\"@id\":\"https:\/\/www.zew.ruhr-uni-bochum.de\/#organization\"},\"potentialAction\":[{\"@type\":\"SearchAction\",\"target\":{\"@type\":\"EntryPoint\",\"urlTemplate\":\"https:\/\/www.zew.ruhr-uni-bochum.de\/?s={search_term_string}\"},\"query-input\":{\"@type\":\"PropertyValueSpecification\",\"valueRequired\":true,\"valueName\":\"search_term_string\"}}],\"inLanguage\":\"de-DE\"},{\"@type\":\"Organization\",\"@id\":\"https:\/\/www.zew.ruhr-uni-bochum.de\/#organization\",\"name\":\"ZEW\",\"url\":\"https:\/\/www.zew.ruhr-uni-bochum.de\/\",\"logo\":{\"@type\":\"ImageObject\",\"inLanguage\":\"de-DE\",\"@id\":\"https:\/\/www.zew.ruhr-uni-bochum.de\/#\/schema\/logo\/image\/\",\"url\":\"https:\/\/db.zew.ruhr-uni-bochum.de\/wp-content\/uploads\/2023\/04\/ZEW_LOGO_512x512.jpg\",\"contentUrl\":\"https:\/\/db.zew.ruhr-uni-bochum.de\/wp-content\/uploads\/2023\/04\/ZEW_LOGO_512x512.jpg\",\"width\":512,\"height\":512,\"caption\":\"ZEW\"},\"image\":{\"@id\":\"https:\/\/www.zew.ruhr-uni-bochum.de\/#\/schema\/logo\/image\/\"}}]}<\/script>\n<!-- \/ Yoast SEO plugin. -->","yoast_head_json":{"title":"Service - ZEW","robots":{"index":"index","follow":"follow","max-snippet":"max-snippet:-1","max-image-preview":"max-image-preview:large","max-video-preview":"max-video-preview:-1"},"canonical":"https:\/\/www.zew.ruhr-uni-bochum.de\/index.php\/service\/","og_locale":"de_DE","og_type":"article","og_title":"Service - ZEW","og_description":"Bitte beachten Sie Unsere Leistungen gelten nur im Auftrag von Forschung und Lehre innerhalb der Ruhr Universit\u00e4t Bochum. Dabei besitzt die Fakult\u00e4t f\u00fcr Physik und Astronomie Priorit\u00e4t. Reparaturen ohne vorhandene Schaltpl\u00e4ne sind je nach Komplexit\u00e4t der Schaltung begrenzt m\u00f6glich. Info f\u00fcr Neukunden Wir ben\u00f6tigen eine zugeordnete Finanzstelle der Ruhr-Universit\u00e4t Bochum und die Kontaktdaten des jeweiligen [&hellip;]","og_url":"https:\/\/www.zew.ruhr-uni-bochum.de\/index.php\/service\/","og_site_name":"ZEW","twitter_card":"summary_large_image","twitter_misc":{"Gesch\u00e4tzte Lesezeit":"1 minute"},"schema":{"@context":"https:\/\/schema.org","@graph":[{"@type":"WebPage","@id":"https:\/\/www.zew.ruhr-uni-bochum.de\/index.php\/service\/","url":"https:\/\/www.zew.ruhr-uni-bochum.de\/index.php\/service\/","name":"Service - ZEW","isPartOf":{"@id":"https:\/\/www.zew.ruhr-uni-bochum.de\/#website"},"datePublished":"2023-04-26T07:01:33+00:00","breadcrumb":{"@id":"https:\/\/www.zew.ruhr-uni-bochum.de\/index.php\/service\/#breadcrumb"},"inLanguage":"de-DE","potentialAction":[{"@type":"ReadAction","target":["https:\/\/www.zew.ruhr-uni-bochum.de\/index.php\/service\/"]}]},{"@type":"BreadcrumbList","@id":"https:\/\/www.zew.ruhr-uni-bochum.de\/index.php\/service\/#breadcrumb","itemListElement":[{"@type":"ListItem","position":1,"name":"Startseite","item":"https:\/\/www.zew.ruhr-uni-bochum.de\/"},{"@type":"ListItem","position":2,"name":"Service"}]},{"@type":"WebSite","@id":"https:\/\/www.zew.ruhr-uni-bochum.de\/#website","url":"https:\/\/www.zew.ruhr-uni-bochum.de\/","name":"ZEW","description":"Die zentrale Elektronik Werkstatt der Fakult\u00e4t f\u00fcr Physik und Astronomie","publisher":{"@id":"https:\/\/www.zew.ruhr-uni-bochum.de\/#organization"},"potentialAction":[{"@type":"SearchAction","target":{"@type":"EntryPoint","urlTemplate":"https:\/\/www.zew.ruhr-uni-bochum.de\/?s={search_term_string}"},"query-input":{"@type":"PropertyValueSpecification","valueRequired":true,"valueName":"search_term_string"}}],"inLanguage":"de-DE"},{"@type":"Organization","@id":"https:\/\/www.zew.ruhr-uni-bochum.de\/#organization","name":"ZEW","url":"https:\/\/www.zew.ruhr-uni-bochum.de\/","logo":{"@type":"ImageObject","inLanguage":"de-DE","@id":"https:\/\/www.zew.ruhr-uni-bochum.de\/#\/schema\/logo\/image\/","url":"https:\/\/db.zew.ruhr-uni-bochum.de\/wp-content\/uploads\/2023\/04\/ZEW_LOGO_512x512.jpg","contentUrl":"https:\/\/db.zew.ruhr-uni-bochum.de\/wp-content\/uploads\/2023\/04\/ZEW_LOGO_512x512.jpg","width":512,"height":512,"caption":"ZEW"},"image":{"@id":"https:\/\/www.zew.ruhr-uni-bochum.de\/#\/schema\/logo\/image\/"}}]}},"_links":{"self":[{"href":"https:\/\/www.zew.ruhr-uni-bochum.de\/index.php\/wp-json\/wp\/v2\/pages\/8174","targetHints":{"allow":["GET"]}}],"collection":[{"href":"https:\/\/www.zew.ruhr-uni-bochum.de\/index.php\/wp-json\/wp\/v2\/pages"}],"about":[{"href":"https:\/\/www.zew.ruhr-uni-bochum.de\/index.php\/wp-json\/wp\/v2\/types\/page"}],"author":[{"embeddable":true,"href":"https:\/\/www.zew.ruhr-uni-bochum.de\/index.php\/wp-json\/wp\/v2\/users\/1"}],"replies":[{"embeddable":true,"href":"https:\/\/www.zew.ruhr-uni-bochum.de\/index.php\/wp-json\/wp\/v2\/comments?post=8174"}],"version-history":[{"count":1,"href":"https:\/\/www.zew.ruhr-uni-bochum.de\/index.php\/wp-json\/wp\/v2\/pages\/8174\/revisions"}],"predecessor-version":[{"id":8175,"href":"https:\/\/www.zew.ruhr-uni-bochum.de\/index.php\/wp-json\/wp\/v2\/pages\/8174\/revisions\/8175"}],"wp:attachment":[{"href":"https:\/\/www.zew.ruhr-uni-bochum.de\/index.php\/wp-json\/wp\/v2\/media?parent=8174"}],"curies":[{"name":"wp","href":"https:\/\/api.w.org\/{rel}","templated":true}]}}